{"id":438,"date":"2023-05-19T18:44:18","date_gmt":"2023-05-19T18:44:18","guid":{"rendered":"https:\/\/aidoomarketing.com\/?page_id=438"},"modified":"2023-05-19T18:45:33","modified_gmt":"2023-05-19T18:45:33","slug":"politica-cookies","status":"publish","type":"page","link":"https:\/\/aidoomarketing.com\/index.php\/politica-cookies\/","title":{"rendered":"Pol\u00edtica de Cookies"},"content":{"rendered":"\t\t<div data-elementor-type=\"wp-page\" data-elementor-id=\"438\" class=\"elementor elementor-438\">\n\t\t\t\t\t\t\t\t\t<section class=\"elementor-section elementor-top-section elementor-element elementor-element-8387c27 elementor-section-boxed elementor-section-height-default elementor-section-height-default\" data-id=\"8387c27\" data-element_type=\"section\">\n\t\t\t\t\t\t<div class=\"elementor-container elementor-column-gap-default\">\n\t\t\t\t\t<div class=\"elementor-column elementor-col-100 elementor-top-column elementor-element elementor-element-0634caa\" data-id=\"0634caa\" data-element_type=\"column\">\n\t\t\t<div class=\"elementor-widget-wrap elementor-element-populated\">\n\t\t\t\t\t\t\t\t<div class=\"elementor-element elementor-element-ad12623 elementor-widget elementor-widget-text-editor\" data-id=\"ad12623\" data-element_type=\"widget\" data-widget_type=\"text-editor.default\">\n\t\t\t\t<div class=\"elementor-widget-container\">\n\t\t\t<style>\/*! elementor - v3.18.0 - 20-12-2023 *\/\n.elementor-widget-text-editor.elementor-drop-cap-view-stacked .elementor-drop-cap{background-color:#69727d;color:#fff}.elementor-widget-text-editor.elementor-drop-cap-view-framed .elementor-drop-cap{color:#69727d;border:3px solid;background-color:transparent}.elementor-widget-text-editor:not(.elementor-drop-cap-view-default) .elementor-drop-cap{margin-top:8px}.elementor-widget-text-editor:not(.elementor-drop-cap-view-default) .elementor-drop-cap-letter{width:1em;height:1em}.elementor-widget-text-editor .elementor-drop-cap{float:left;text-align:center;line-height:1;font-size:50px}.elementor-widget-text-editor .elementor-drop-cap-letter{display:inline-block}<\/style>\t\t\t\t<p><strong>POL\u00cdTICA DE COOKIES<\/strong><\/p><p><strong>\u00bfQu\u00e9 son las cookies y para que se utilizan?<\/strong><\/p><p>Una cookie es un fichero que se descarga en su ordenador, tablet, smartphone o cualquier otro dispositivo al acceder a determinadas p\u00e1ginas web. Las cookies permiten a una p\u00e1gina web, entre otras cosas, almacenar y recuperar informaci\u00f3n sobre los h\u00e1bitos de navegaci\u00f3n de un Usuario o de su equipo y, dependiendo de la informaci\u00f3n que contengan y de la forma en que utilice su equipo, pueden utilizarse para reconocer al Usuario. En ning\u00fan caso las cookies podr\u00edan da\u00f1ar su equipo. Por contra, el que est\u00e9n activas nos ayuda a identificar y resolver los posibles errores.<\/p><p><strong>\u00bfQu\u00e9 tipos de cookies existen?<\/strong><\/p><p>Las cookies pueden ser clasificadas por categor\u00edas con base en diferentes criterios. A continuaci\u00f3n, se ofrece informaci\u00f3n de los diferentes tipos de cookies que existen:<\/p><p><strong><em>Entidad que las gestiona<\/em><\/strong><\/p><ul><li><strong>Cookies propias<\/strong>: son generadas y enviadas por el sitio web visitado al terminal, equipo o dispositivo del Usuario. Gestionadas por el editor del sitio web.<\/li><\/ul><p>\u00a0<\/p><ul><li><strong>Cookies de terceros<\/strong>: son generadas y enviadas al terminal, equipo o dispositivo del Usuario por entidades ajenas al sitio web visitado y que tratan y gestionan los datos e informaci\u00f3n obtenidos en virtud de estas cookies.<\/li><\/ul><p><strong><em>Plazo de tiempo de activaci\u00f3n<\/em><\/strong><\/p><ul><li><strong>De<\/strong> <strong>sesi\u00f3n<\/strong>: recaban informaci\u00f3n y almacenan datos el tiempo que dure el acceso al sitio web (sesi\u00f3n). Una vez el Usuario abandone el portal, se eliminan autom\u00e1ticamente.<\/li><\/ul><p>\u00a0<\/p><ul><li><strong>Persistentes<\/strong>: la informaci\u00f3n y datos que recaban estas cookies permanecen en el terminal, equipo o dispositivo del Usuario por un periodo de tiempo definido por el responsable de estas, lo cual habilita el acceso a los datos y su tratamiento en el marco temporal determinado.<\/li><\/ul><p><strong><em>Finalidad<\/em><\/strong><\/p><ul><li><strong>Cookies de an\u00e1lisis o medici\u00f3n<\/strong>: permiten cuantificar el n\u00famero de Usuario os y as\u00ed realizar la medici\u00f3n de la actividad del sitio web a trav\u00e9s del an\u00e1lisis del uso que hacen los Usuarios del servicio en funci\u00f3n de su comportamiento en la navegaci\u00f3n.<\/li><\/ul><p>\u00a0<\/p><ul><li><strong>Cookies t\u00e9cnicas<\/strong>: requeridas para el funcionamiento, mantenimiento y gesti\u00f3n de la p\u00e1gina o p\u00e1ginas de un sitio web (control del tr\u00e1fico web y el flujo de comunicaci\u00f3n de los datos, identificar la sesi\u00f3n, acceso a elementos de acceso restringido, presentar solicitudes, almacenamiento de contenidos, etc). No requieren el consentimiento del Usuario.<\/li><\/ul><p>\u00a0<\/p><ul><li><strong>Cookies de personalizaci\u00f3n<\/strong>: permiten establecer una memoria de ciertas caracter\u00edsticas del sitio web a partir de la selecci\u00f3n del Usuario, como pueden ser el idioma, el \u00e1rea geogr\u00e1fica, el tipo de navegador, limitar el n\u00famero de resultados a mostrar en la b\u00fasqueda, entre otras, para obtener una experiencia de navegaci\u00f3n personalizada.<\/li><\/ul><p>\u00a0<\/p><ul><li><strong>Cookies de publicidad comportamental<\/strong>: almacenan informaci\u00f3n del comportamiento de los visitantes obtenida a trav\u00e9s de la observaci\u00f3n continuada de sus h\u00e1bitos de navegaci\u00f3n, lo que permite desarrollar un perfil espec\u00edfico para mostrar avisos publicitarios personalizados.<\/li><\/ul><p><strong>Tipos de cookies utilizados por Wedoo Marketing.<\/strong><\/p><p>A continuaci\u00f3n, explicamos qu\u00e9 cookies utiliza la p\u00e1gina del sitio web de https:\/\/ <a href=\"https:\/\/aidoomarketing.com\/\">https:\/\/aidoomarketing.com\/<\/a>, su finalidad y caracter\u00edsticas.<\/p><p><strong>COOKIES DE TERCEROS<\/strong><\/p><p><strong><em>Cookies de an\u00e1lisis o medici\u00f3n<\/em><\/strong><\/p><p>En particular, Wedoo Marketing, utiliza las cookies del sistema de medici\u00f3n de audiencia de Google Analytics que permiten conocer como la interact\u00faan los Usuarios en el Sitio Web de manera an\u00f3nima:<\/p><table width=\"567\"><tbody><tr><td width=\"85\"><p><strong>Cookies<\/strong><\/p><\/td><td width=\"329\"><p><strong>Finalidad<\/strong><\/p><\/td><td width=\"71\"><p><strong>Titular<\/strong><\/p><\/td><td width=\"82\"><p><strong>Duraci\u00f3n<\/strong><\/p><\/td><\/tr><tr><td width=\"85\"><p>Google Analytics (_ga)<\/p><\/td><td width=\"329\"><p>Registra una identificaci\u00f3n \u00fanica que se utiliza para generar datos estad\u00edsticos acerca de c\u00f3mo utiliza el visitante el sitio web.<\/p><\/td><td width=\"71\"><p>Google.<\/p><\/td><td width=\"82\"><p>2 a\u00f1os<\/p><\/td><\/tr><tr><td width=\"85\"><p>Google Analytics (_gat)<\/p><\/td><td width=\"329\"><p>Se utiliza para controlar la tasa de peticiones<\/p><\/td><td width=\"71\"><p>Google<\/p><\/td><td width=\"82\"><p>1 d\u00eda<\/p><\/td><\/tr><tr><td width=\"85\"><p>Google Analytics (_gid)<\/p><\/td><td width=\"329\"><p>Registra una identificaci\u00f3n \u00fanica que se utiliza para generar datos estad\u00edsticos acerca de c\u00f3mo utiliza el visitan te el sitio web durante un \u00fanico d\u00eda.<\/p><\/td><td width=\"71\"><p>Google<\/p><\/td><td width=\"82\"><p>1 d\u00eda<\/p><\/td><\/tr><\/tbody><\/table><p><strong>\u00a0<\/strong><\/p><p>A continuaci\u00f3n, se incluye el enlace al sitio web de Google donde puede consultar la descripci\u00f3n del tipo de cookies que utiliza Google Analytics y su periodo de expiraci\u00f3n: <a href=\"https:\/\/developers.google.com\/analytics\/devguides\/collection\/analyticsjs\/cookie-usage?hl=es\">https:\/\/developers.google.com\/analytics\/devguides\/collection\/analyticsjs\/cookie-usage?hl=es<\/a><\/p><p><strong>Revocaci\u00f3n y eliminaci\u00f3n de cookies<\/strong><\/p><p>En cualquier caso, le informamos de que puede eliminar, bloquear o deshabilitar las cookies en cualquier momento modificando la configuraci\u00f3n de su navegador, que le permitir\u00e1 rechazar la instalaci\u00f3n de todas las cookies o de algunas de ellas. Si elimina todas las cookies de este Sitio Web, a trav\u00e9s de su navegador, borrar\u00e1 tambi\u00e9n las opciones de configuraci\u00f3n que haya elegido sobre nuestras cookies (aceptaci\u00f3n, rechazo o revocaci\u00f3n de su uso). A continuaci\u00f3n, podr\u00e1 encontrar informaci\u00f3n sobre c\u00f3mo gestionar el uso de cookies en funci\u00f3n del navegador utilizado:<\/p><ul><li><strong>Firefox<\/strong><\/li><\/ul><p><a href=\"https:\/\/support.mozilla.org\/es\/kb\/habilitar-y-deshabilitar-cookies-sitios-web-rastrear-preferencias\">https:\/\/support.mozilla.org\/es\/kb\/habilitar-y-deshabilitar-cookies-sitios-web-rastrear-preferencias\u00a0<\/a><\/p><ul><li><strong>Chrome<\/strong><\/li><\/ul><p><a href=\"https:\/\/support.google.com\/chrome\/answer\/95647?co=GENIE.Platform%3DDesktop&amp;hl=es\">https:\/\/support.google.com\/chrome\/answer\/95647?co=GENIE.Platform%3DDesktop&amp;hl=es<\/a><\/p><ul><li><strong>Safari<\/strong><\/li><\/ul><p><a href=\"https:\/\/support.apple.com\/es-es\/guide\/safari\/sfri11471\/mac\">https:\/\/support.apple.com\/es-es\/guide\/safari\/sfri11471\/mac\u00a0\u00a0<\/a><\/p><ul><li><strong>Internet Explorer<\/strong>:<\/li><\/ul><p><a href=\"https:\/\/support.microsoft.com\/es-es\/help\/17442\/windows-internet-explorer-delete-manage-cookies\">https:\/\/support.microsoft.com\/es-es\/help\/17442\/windows-internet-explorer-delete-manage-cookies<\/a><\/p><ul><li><strong>Microsoft Edge<\/strong><\/li><\/ul><p><a href=\"https:\/\/privacy.microsoft.com\/es-es\/windows-10-microsoft-edge-and-privacy\">https:\/\/privacy.microsoft.com\/es-es\/windows-10-microsoft-edge-and-privacy<\/a><\/p><p><strong>Cambios en la pol\u00edtica de cookies<\/strong><\/p><p>Es posible que actualicemos la Pol\u00edtica de Cookies de nuestro Sitio Web. Por ello, le recomendamos revisar esta pol\u00edtica cada vez que acceda a nuestro Sitio Web con el objetivo de estar adecuadamente informado sobre c\u00f3mo y para qu\u00e9 usamos las cookies.<\/p>\t\t\t\t\t\t<\/div>\n\t\t\t\t<\/div>\n\t\t\t\t\t<\/div>\n\t\t<\/div>\n\t\t\t\t\t\t\t<\/div>\n\t\t<\/section>\n\t\t\t\t\t\t\t<\/div>\n\t\t","protected":false},"excerpt":{"rendered":"<p>POL\u00cdTICA DE COOKIES \u00bfQu\u00e9 son las cookies y para que se utilizan? Una cookie es un fichero que se descarga en su ordenador, tablet, smartphone o cualquier otro dispositivo al acceder a determinadas p\u00e1ginas web. Las cookies permiten a una p\u00e1gina web, entre otras cosas, almacenar y recuperar informaci\u00f3n sobre los h\u00e1bitos de navegaci\u00f3n de [&hellip;]<\/p>\n","protected":false},"author":1,"featured_media":0,"parent":0,"menu_order":0,"comment_status":"closed","ping_status":"closed","template":"","meta":{"footnotes":""},"class_list":["post-438","page","type-page","status-publish","hentry"],"_links":{"self":[{"href":"https:\/\/aidoomarketing.com\/index.php\/wp-json\/wp\/v2\/pages\/438","targetHints":{"allow":["GET"]}}],"collection":[{"href":"https:\/\/aidoomarketing.com\/index.php\/wp-json\/wp\/v2\/pages"}],"about":[{"href":"https:\/\/aidoomarketing.com\/index.php\/wp-json\/wp\/v2\/types\/page"}],"author":[{"embeddable":true,"href":"https:\/\/aidoomarketing.com\/index.php\/wp-json\/wp\/v2\/users\/1"}],"replies":[{"embeddable":true,"href":"https:\/\/aidoomarketing.com\/index.php\/wp-json\/wp\/v2\/comments?post=438"}],"version-history":[{"count":4,"href":"https:\/\/aidoomarketing.com\/index.php\/wp-json\/wp\/v2\/pages\/438\/revisions"}],"predecessor-version":[{"id":442,"href":"https:\/\/aidoomarketing.com\/index.php\/wp-json\/wp\/v2\/pages\/438\/revisions\/442"}],"wp:attachment":[{"href":"https:\/\/aidoomarketing.com\/index.php\/wp-json\/wp\/v2\/media?parent=438"}],"curies":[{"name":"wp","href":"https:\/\/api.w.org\/{rel}","templated":true}]}}