{"id":631,"date":"2023-06-06T09:45:37","date_gmt":"2023-06-06T09:45:37","guid":{"rendered":"https:\/\/aidoomarketing.com\/?page_id=631"},"modified":"2023-10-10T16:44:57","modified_gmt":"2023-10-10T16:44:57","slug":"presentacion-revidoo","status":"publish","type":"page","link":"https:\/\/aidoomarketing.com\/index.php\/presentacion-revidoo\/","title":{"rendered":"Presentaci\u00f3n Revidoo"},"content":{"rendered":"\t\t<div data-elementor-type=\"wp-page\" data-elementor-id=\"631\" class=\"elementor elementor-631\">\n\t\t\t\t\t\t\t\t\t<section class=\"elementor-section elementor-top-section elementor-element elementor-element-11028bd elementor-section-boxed elementor-section-height-default elementor-section-height-default\" data-id=\"11028bd\" data-element_type=\"section\">\n\t\t\t\t\t\t<div class=\"elementor-container elementor-column-gap-default\">\n\t\t\t\t\t<div class=\"elementor-column elementor-col-100 elementor-top-column elementor-element elementor-element-eb9638d\" data-id=\"eb9638d\" data-element_type=\"column\">\n\t\t\t<div class=\"elementor-widget-wrap elementor-element-populated\">\n\t\t\t\t\t\t\t\t<div class=\"elementor-element elementor-element-1b11a6c elementor-widget elementor-widget-html\" data-id=\"1b11a6c\" data-element_type=\"widget\" data-widget_type=\"html.default\">\n\t\t\t\t<div class=\"elementor-widget-container\">\n\t\t\t<script type=\"application\/ld+json\">{\"@context\":\"https:\/\/schema.org\",\"@type\":\"VideoObject\",\"name\":\"Presentacion Revidoo\",\"description\":\"Revidoo es una plataforma de gesti\u00f3n de rese\u00f1as que permite enviar solicitudes a trav\u00e9s de sms, whatsapps e email\",\"thumbnailUrl\":[[\"https:\/\/video.gumlet.io\/64a67746c6d3ce49fd96ad00\/652538a1ebf7b7534953e660\/thumbnail-1-0.png?v=1696938188512\"]],\"uploadDate\":\"2023-10-10T11:42:25.804Z\",\"duration\":\"PT53.105S\",\"embedUrl\":\"https:\/\/play.gumlet.io\/embed\/652538a1ebf7b7534953e660\"}<\/script><div style=\"position: relative; padding-top: 56.17%\">\r\n    <iframe loading=\"lazy\" title=\"Gumlet video player\" src=\"https:\/\/play.gumlet.io\/embed\/652538a1ebf7b7534953e660\" style=\"border:none; position: absolute; top:0; left:0; height: 100%; width: 100%;\" allow=\"accelerometer; gyroscope; autoplay; encrypted-media; picture-in-picture; fullscreen;\" frameborder=\"0\" allowfullscreen>\r\n    <\/iframe><\/div>\t\t<\/div>\n\t\t\t\t<\/div>\n\t\t\t\t\t<\/div>\n\t\t<\/div>\n\t\t\t\t\t\t\t<\/div>\n\t\t<\/section>\n\t\t\t\t\t\t\t<\/div>\n\t\t","protected":false},"excerpt":{"rendered":"","protected":false},"author":1,"featured_media":0,"parent":0,"menu_order":0,"comment_status":"closed","ping_status":"closed","template":"elementor_header_footer","meta":{"footnotes":""},"class_list":["post-631","page","type-page","status-publish","hentry"],"_links":{"self":[{"href":"https:\/\/aidoomarketing.com\/index.php\/wp-json\/wp\/v2\/pages\/631","targetHints":{"allow":["GET"]}}],"collection":[{"href":"https:\/\/aidoomarketing.com\/index.php\/wp-json\/wp\/v2\/pages"}],"about":[{"href":"https:\/\/aidoomarketing.com\/index.php\/wp-json\/wp\/v2\/types\/page"}],"author":[{"embeddable":true,"href":"https:\/\/aidoomarketing.com\/index.php\/wp-json\/wp\/v2\/users\/1"}],"replies":[{"embeddable":true,"href":"https:\/\/aidoomarketing.com\/index.php\/wp-json\/wp\/v2\/comments?post=631"}],"version-history":[{"count":14,"href":"https:\/\/aidoomarketing.com\/index.php\/wp-json\/wp\/v2\/pages\/631\/revisions"}],"predecessor-version":[{"id":1074,"href":"https:\/\/aidoomarketing.com\/index.php\/wp-json\/wp\/v2\/pages\/631\/revisions\/1074"}],"wp:attachment":[{"href":"https:\/\/aidoomarketing.com\/index.php\/wp-json\/wp\/v2\/media?parent=631"}],"curies":[{"name":"wp","href":"https:\/\/api.w.org\/{rel}","templated":true}]}}