{"id":699,"date":"2023-07-01T08:39:24","date_gmt":"2023-07-01T08:39:24","guid":{"rendered":"https:\/\/aidoomarketing.com\/?page_id=699"},"modified":"2023-10-20T09:22:04","modified_gmt":"2023-10-20T09:22:04","slug":"registro-revidoo","status":"publish","type":"page","link":"https:\/\/aidoomarketing.com\/index.php\/registro-revidoo\/","title":{"rendered":"Registro Revidoo"},"content":{"rendered":"\t\t<div data-elementor-type=\"wp-page\" data-elementor-id=\"699\" class=\"elementor elementor-699\">\n\t\t\t\t\t\t\t\t\t<section class=\"elementor-section elementor-top-section elementor-element elementor-element-03f8f2b elementor-section-boxed elementor-section-height-default elementor-section-height-default\" data-id=\"03f8f2b\" data-element_type=\"section\">\n\t\t\t\t\t\t<div class=\"elementor-container elementor-column-gap-default\">\n\t\t\t\t\t<div class=\"elementor-column elementor-col-50 elementor-top-column elementor-element elementor-element-11e50ea\" data-id=\"11e50ea\" data-element_type=\"column\">\n\t\t\t<div class=\"elementor-widget-wrap elementor-element-populated\">\n\t\t\t\t\t\t\t\t<div class=\"elementor-element elementor-element-19b3022 elementor-widget elementor-widget-heading\" data-id=\"19b3022\" data-element_type=\"widget\" data-widget_type=\"heading.default\">\n\t\t\t\t<div class=\"elementor-widget-container\">\n\t\t\t<style>\/*! elementor - v3.18.0 - 20-12-2023 *\/\n.elementor-heading-title{padding:0;margin:0;line-height:1}.elementor-widget-heading .elementor-heading-title[class*=elementor-size-]>a{color:inherit;font-size:inherit;line-height:inherit}.elementor-widget-heading .elementor-heading-title.elementor-size-small{font-size:15px}.elementor-widget-heading .elementor-heading-title.elementor-size-medium{font-size:19px}.elementor-widget-heading .elementor-heading-title.elementor-size-large{font-size:29px}.elementor-widget-heading .elementor-heading-title.elementor-size-xl{font-size:39px}.elementor-widget-heading .elementor-heading-title.elementor-size-xxl{font-size:59px}<\/style><h2 class=\"elementor-heading-title elementor-size-default\">enhorabuena!<\/h2>\t\t<\/div>\n\t\t\t\t<\/div>\n\t\t\t\t<div class=\"elementor-element elementor-element-0cd377f elementor-widget elementor-widget-text-editor\" data-id=\"0cd377f\" data-element_type=\"widget\" data-widget_type=\"text-editor.default\">\n\t\t\t\t<div class=\"elementor-widget-container\">\n\t\t\t<style>\/*! elementor - v3.18.0 - 20-12-2023 *\/\n.elementor-widget-text-editor.elementor-drop-cap-view-stacked .elementor-drop-cap{background-color:#69727d;color:#fff}.elementor-widget-text-editor.elementor-drop-cap-view-framed .elementor-drop-cap{color:#69727d;border:3px solid;background-color:transparent}.elementor-widget-text-editor:not(.elementor-drop-cap-view-default) .elementor-drop-cap{margin-top:8px}.elementor-widget-text-editor:not(.elementor-drop-cap-view-default) .elementor-drop-cap-letter{width:1em;height:1em}.elementor-widget-text-editor .elementor-drop-cap{float:left;text-align:center;line-height:1;font-size:50px}.elementor-widget-text-editor .elementor-drop-cap-letter{display:inline-block}<\/style>\t\t\t\t<p style=\"text-align: left;\">Acabas de dar un paso importante para hacer crecer tu empresa. El siguiente paso es comenzar a utilizar la herramienta para obtener m\u00e1s rese\u00f1as positivas!<\/p><ul><li>Para ello, necesitamos que rellenes el formulario de esta p\u00e1gina para crear tu cuenta en Revidoo.\u00a0<\/li><li>Una vez rellenado, en breve, recibir\u00e1s un email con los datos de acceso a la plataforma. Por favor, revisa tu carpeta de SPAM.<\/li><li>Adem\u00e1s. recibir\u00e1s otro email con enlaces a video tutoriales y p\u00e1gina de soporte.<\/li><li>En 24 hs personalizaremos la herramienta con tu logo y foto relacionada con tu actividad. Puedes modificarla a tu gusto en cualquier momento.<\/li><\/ul><div>\u00a0<\/div><div>Adem\u00e1s de la p\u00e1gina de soporte, nos tienes detr\u00e1s para cualquier consulta en el 644 98 50 08.<\/div>\t\t\t\t\t\t<\/div>\n\t\t\t\t<\/div>\n\t\t\t\t\t<\/div>\n\t\t<\/div>\n\t\t\t\t<div class=\"elementor-column elementor-col-50 elementor-top-column elementor-element elementor-element-d45d9fb\" data-id=\"d45d9fb\" data-element_type=\"column\">\n\t\t\t<div class=\"elementor-widget-wrap elementor-element-populated\">\n\t\t\t\t\t\t\t\t<div class=\"elementor-element elementor-element-d19271f elementor-widget elementor-widget-html\" data-id=\"d19271f\" data-element_type=\"widget\" data-widget_type=\"html.default\">\n\t\t\t\t<div class=\"elementor-widget-container\">\n\t\t\t<div id=\"formz-wrapper\"\r\n        data-formz-slug=\"hcL6jG5e\"\r\n        data-formz-type=\"simple\"><\/div>\r\n        <script src=\"https:\/\/formaloo.me\/istatic\/js\/main.js\"><\/script>\t\t<\/div>\n\t\t\t\t<\/div>\n\t\t\t\t\t<\/div>\n\t\t<\/div>\n\t\t\t\t\t\t\t<\/div>\n\t\t<\/section>\n\t\t\t\t\t\t\t<\/div>\n\t\t","protected":false},"excerpt":{"rendered":"<p>enhorabuena! Acabas de dar un paso importante para hacer crecer tu empresa. El siguiente paso es comenzar a utilizar la herramienta para obtener m\u00e1s rese\u00f1as positivas! Para ello, necesitamos que rellenes el formulario de esta p\u00e1gina para crear tu cuenta en Revidoo.\u00a0 Una vez rellenado, en breve, recibir\u00e1s un email con los datos de acceso [&hellip;]<\/p>\n","protected":false},"author":1,"featured_media":0,"parent":0,"menu_order":0,"comment_status":"closed","ping_status":"closed","template":"elementor_theme","meta":{"footnotes":""},"class_list":["post-699","page","type-page","status-publish","hentry"],"_links":{"self":[{"href":"https:\/\/aidoomarketing.com\/index.php\/wp-json\/wp\/v2\/pages\/699","targetHints":{"allow":["GET"]}}],"collection":[{"href":"https:\/\/aidoomarketing.com\/index.php\/wp-json\/wp\/v2\/pages"}],"about":[{"href":"https:\/\/aidoomarketing.com\/index.php\/wp-json\/wp\/v2\/types\/page"}],"author":[{"embeddable":true,"href":"https:\/\/aidoomarketing.com\/index.php\/wp-json\/wp\/v2\/users\/1"}],"replies":[{"embeddable":true,"href":"https:\/\/aidoomarketing.com\/index.php\/wp-json\/wp\/v2\/comments?post=699"}],"version-history":[{"count":56,"href":"https:\/\/aidoomarketing.com\/index.php\/wp-json\/wp\/v2\/pages\/699\/revisions"}],"predecessor-version":[{"id":1078,"href":"https:\/\/aidoomarketing.com\/index.php\/wp-json\/wp\/v2\/pages\/699\/revisions\/1078"}],"wp:attachment":[{"href":"https:\/\/aidoomarketing.com\/index.php\/wp-json\/wp\/v2\/media?parent=699"}],"curies":[{"name":"wp","href":"https:\/\/api.w.org\/{rel}","templated":true}]}}