{"id":722,"date":"2023-07-08T09:45:31","date_gmt":"2023-07-08T09:45:31","guid":{"rendered":"https:\/\/aidoomarketing.com\/?page_id=722"},"modified":"2023-10-06T09:50:22","modified_gmt":"2023-10-06T09:50:22","slug":"demo-revidoo","status":"publish","type":"page","link":"https:\/\/aidoomarketing.com\/index.php\/demo-revidoo\/","title":{"rendered":"Landing Revidoo"},"content":{"rendered":"\t\t<div data-elementor-type=\"wp-page\" data-elementor-id=\"722\" class=\"elementor elementor-722\">\n\t\t\t\t\t\t\t\t\t<section class=\"elementor-section elementor-top-section elementor-element elementor-element-11028bd elementor-section-boxed elementor-section-height-default elementor-section-height-default\" data-id=\"11028bd\" data-element_type=\"section\">\n\t\t\t\t\t\t<div class=\"elementor-container elementor-column-gap-default\">\n\t\t\t\t\t<div class=\"elementor-column elementor-col-100 elementor-top-column elementor-element elementor-element-9c32897\" data-id=\"9c32897\" data-element_type=\"column\">\n\t\t\t<div class=\"elementor-widget-wrap elementor-element-populated\">\n\t\t\t\t\t\t\t\t<div class=\"elementor-element elementor-element-cd1fde9 elementor-widget elementor-widget-heading\" data-id=\"cd1fde9\" data-element_type=\"widget\" data-widget_type=\"heading.default\">\n\t\t\t\t<div class=\"elementor-widget-container\">\n\t\t\t<style>\/*! elementor - v3.18.0 - 20-12-2023 *\/\n.elementor-heading-title{padding:0;margin:0;line-height:1}.elementor-widget-heading .elementor-heading-title[class*=elementor-size-]>a{color:inherit;font-size:inherit;line-height:inherit}.elementor-widget-heading .elementor-heading-title.elementor-size-small{font-size:15px}.elementor-widget-heading .elementor-heading-title.elementor-size-medium{font-size:19px}.elementor-widget-heading .elementor-heading-title.elementor-size-large{font-size:29px}.elementor-widget-heading .elementor-heading-title.elementor-size-xl{font-size:39px}.elementor-widget-heading .elementor-heading-title.elementor-size-xxl{font-size:59px}<\/style><h3 class=\"elementor-heading-title elementor-size-default\">M\u00e1s del 85% de los usuarios busca rese\u00f1as<br>antes de contratar un servicio <\/h3>\t\t<\/div>\n\t\t\t\t<\/div>\n\t\t\t\t<div class=\"elementor-element elementor-element-9dfb97f elementor-widget elementor-widget-heading\" data-id=\"9dfb97f\" data-element_type=\"widget\" data-widget_type=\"heading.default\">\n\t\t\t\t<div class=\"elementor-widget-container\">\n\t\t\t<h3 class=\"elementor-heading-title elementor-size-default\">mejora tu visibilidad y GENERA CONFIANZA <br>EN  POTENCIALES PACIENTES.<\/h3>\t\t<\/div>\n\t\t\t\t<\/div>\n\t\t\t\t<div class=\"elementor-element elementor-element-98f308f elementor-widget elementor-widget-heading\" data-id=\"98f308f\" data-element_type=\"widget\" data-widget_type=\"heading.default\">\n\t\t\t\t<div class=\"elementor-widget-container\">\n\t\t\t<h3 class=\"elementor-heading-title elementor-size-default\"><b>Mira la demo y despeja cualquier duda en nuestro chat<\/b> <\/h3>\t\t<\/div>\n\t\t\t\t<\/div>\n\t\t\t\t<div class=\"elementor-element elementor-element-c8da528 elementor-widget elementor-widget-html\" data-id=\"c8da528\" data-element_type=\"widget\" data-widget_type=\"html.default\">\n\t\t\t\t<div class=\"elementor-widget-container\">\n\t\t\t<script type=\"application\/ld+json\">{\"@context\":\"https:\/\/schema.org\",\"@type\":\"VideoObject\",\"name\":\"Video Demo Revidoo ES\",\"description\":\"Gu\u00eda R\u00e1pida de Revidoo, la plataforma de gesti\u00f3n de rese\u00f1as de Wedoo Marketing\",\"thumbnailUrl\":[[\"https:\/\/video.gumlet.io\/64a67746c6d3ce49fd96ad00\/64aae3e21e31f98304cd9edd\/thumbnail-1-0.png?v=1688923147843\"]],\"uploadDate\":\"2023-07-09T16:44:18.348Z\",\"duration\":\"PT3M31.47999999999999S\",\"embedUrl\":\"https:\/\/play.gumlet.io\/embed\/64aae3e21e31f98304cd9edd\"}<\/script><div style=\"position: relative; padding-top: 60.83%\">\r\n    <iframe loading=\"lazy\" title=\"Gumlet video player\" src=\"https:\/\/play.gumlet.io\/embed\/64aae3e21e31f98304cd9edd\" style=\"border:none; position: absolute; top:0; left:0; height: 100%; width: 100%;\" allow=\"accelerometer; gyroscope; autoplay; encrypted-media; picture-in-picture; fullscreen;\" frameborder=\"0\" allowfullscreen>\r\n    <\/iframe><\/div>\t\t<\/div>\n\t\t\t\t<\/div>\n\t\t\t\t\t<\/div>\n\t\t<\/div>\n\t\t\t\t\t\t\t<\/div>\n\t\t<\/section>\n\t\t\t\t<section class=\"elementor-section elementor-top-section elementor-element elementor-element-e63a11c elementor-section-boxed elementor-section-height-default elementor-section-height-default\" data-id=\"e63a11c\" data-element_type=\"section\">\n\t\t\t\t\t\t<div class=\"elementor-container elementor-column-gap-default\">\n\t\t\t\t\t<div class=\"elementor-column elementor-col-100 elementor-top-column elementor-element elementor-element-c3b2469\" data-id=\"c3b2469\" data-element_type=\"column\">\n\t\t\t<div class=\"elementor-widget-wrap elementor-element-populated\">\n\t\t\t\t\t\t\t\t<div class=\"elementor-element elementor-element-efc6a59 elementor-widget elementor-widget-heading\" data-id=\"efc6a59\" data-element_type=\"widget\" data-widget_type=\"heading.default\">\n\t\t\t\t<div class=\"elementor-widget-container\">\n\t\t\t<h4 class=\"elementor-heading-title elementor-size-default\"><b>Pru\u00e9balo ya durante 30 d\u00edas gratis! <\/b><\/h4>\t\t<\/div>\n\t\t\t\t<\/div>\n\t\t\t\t<div class=\"elementor-element elementor-element-a6f951d elementor-align-center elementor-widget elementor-widget-button\" data-id=\"a6f951d\" data-element_type=\"widget\" data-widget_type=\"button.default\">\n\t\t\t\t<div class=\"elementor-widget-container\">\n\t\t\t\t\t<div class=\"elementor-button-wrapper\">\n\t\t\t<a class=\"elementor-button elementor-button-link elementor-size-md\" href=\"https:\/\/aidoomarketing.com\/index.php\/registro-revidoo\/\">\n\t\t\t\t\t\t<span class=\"elementor-button-content-wrapper\">\n\t\t\t\t\t\t<span class=\"elementor-button-text\">Reg\u00edstrate ahora<\/span>\n\t\t<\/span>\n\t\t\t\t\t<\/a>\n\t\t<\/div>\n\t\t\t\t<\/div>\n\t\t\t\t<\/div>\n\t\t\t\t\t<\/div>\n\t\t<\/div>\n\t\t\t\t\t\t\t<\/div>\n\t\t<\/section>\n\t\t\t\t\t\t\t<\/div>\n\t\t","protected":false},"excerpt":{"rendered":"<p>M\u00e1s del 85% de los usuarios busca rese\u00f1asantes de contratar un servicio mejora tu visibilidad y GENERA CONFIANZA EN POTENCIALES PACIENTES. Mira la demo y despeja cualquier duda en nuestro chat Pru\u00e9balo ya durante 30 d\u00edas gratis! Reg\u00edstrate ahora<\/p>\n","protected":false},"author":1,"featured_media":0,"parent":0,"menu_order":0,"comment_status":"closed","ping_status":"closed","template":"elementor_theme","meta":{"footnotes":""},"class_list":["post-722","page","type-page","status-publish","hentry"],"_links":{"self":[{"href":"https:\/\/aidoomarketing.com\/index.php\/wp-json\/wp\/v2\/pages\/722","targetHints":{"allow":["GET"]}}],"collection":[{"href":"https:\/\/aidoomarketing.com\/index.php\/wp-json\/wp\/v2\/pages"}],"about":[{"href":"https:\/\/aidoomarketing.com\/index.php\/wp-json\/wp\/v2\/types\/page"}],"author":[{"embeddable":true,"href":"https:\/\/aidoomarketing.com\/index.php\/wp-json\/wp\/v2\/users\/1"}],"replies":[{"embeddable":true,"href":"https:\/\/aidoomarketing.com\/index.php\/wp-json\/wp\/v2\/comments?post=722"}],"version-history":[{"count":107,"href":"https:\/\/aidoomarketing.com\/index.php\/wp-json\/wp\/v2\/pages\/722\/revisions"}],"predecessor-version":[{"id":1026,"href":"https:\/\/aidoomarketing.com\/index.php\/wp-json\/wp\/v2\/pages\/722\/revisions\/1026"}],"wp:attachment":[{"href":"https:\/\/aidoomarketing.com\/index.php\/wp-json\/wp\/v2\/media?parent=722"}],"curies":[{"name":"wp","href":"https:\/\/api.w.org\/{rel}","templated":true}]}}