{"id":757,"date":"2023-10-06T09:37:56","date_gmt":"2023-10-06T09:37:56","guid":{"rendered":"https:\/\/aidoomarketing.com\/?page_id=757"},"modified":"2023-10-23T18:07:42","modified_gmt":"2023-10-23T18:07:42","slug":"agenda-demo-revidoo","status":"publish","type":"page","link":"https:\/\/aidoomarketing.com\/index.php\/agenda-demo-revidoo\/","title":{"rendered":"Agenda Demo Revidoo"},"content":{"rendered":"\t\t<div data-elementor-type=\"wp-page\" data-elementor-id=\"757\" class=\"elementor elementor-757\">\n\t\t\t\t\t\t\t\t\t<section class=\"elementor-section elementor-top-section elementor-element elementor-element-11028bd elementor-section-boxed elementor-section-height-default elementor-section-height-default\" data-id=\"11028bd\" data-element_type=\"section\">\n\t\t\t\t\t\t<div class=\"elementor-container elementor-column-gap-default\">\n\t\t\t\t\t<div class=\"elementor-column elementor-col-100 elementor-top-column elementor-element elementor-element-9c32897\" data-id=\"9c32897\" data-element_type=\"column\">\n\t\t\t<div class=\"elementor-widget-wrap elementor-element-populated\">\n\t\t\t\t\t\t\t\t<div class=\"elementor-element elementor-element-c9419cd elementor-widget elementor-widget-heading\" data-id=\"c9419cd\" data-element_type=\"widget\" data-widget_type=\"heading.default\">\n\t\t\t\t<div class=\"elementor-widget-container\">\n\t\t\t<style>\/*! elementor - v3.18.0 - 20-12-2023 *\/\n.elementor-heading-title{padding:0;margin:0;line-height:1}.elementor-widget-heading .elementor-heading-title[class*=elementor-size-]>a{color:inherit;font-size:inherit;line-height:inherit}.elementor-widget-heading .elementor-heading-title.elementor-size-small{font-size:15px}.elementor-widget-heading .elementor-heading-title.elementor-size-medium{font-size:19px}.elementor-widget-heading .elementor-heading-title.elementor-size-large{font-size:29px}.elementor-widget-heading .elementor-heading-title.elementor-size-xl{font-size:39px}.elementor-widget-heading .elementor-heading-title.elementor-size-xxl{font-size:59px}<\/style><h2 class=\"elementor-heading-title elementor-size-default\">Multiplica tus rese\u00f1as con revidoo<\/h2>\t\t<\/div>\n\t\t\t\t<\/div>\n\t\t\t\t<div class=\"elementor-element elementor-element-0ef5407 elementor-widget elementor-widget-heading\" data-id=\"0ef5407\" data-element_type=\"widget\" data-widget_type=\"heading.default\">\n\t\t\t\t<div class=\"elementor-widget-container\">\n\t\t\t<h3 class=\"elementor-heading-title elementor-size-default\">\u00bfQuieres ver c\u00f3mo funciona? Mira la demo<\/h3>\t\t<\/div>\n\t\t\t\t<\/div>\n\t\t\t\t<div class=\"elementor-element elementor-element-c8da528 elementor-widget elementor-widget-html\" data-id=\"c8da528\" data-element_type=\"widget\" data-widget_type=\"html.default\">\n\t\t\t\t<div class=\"elementor-widget-container\">\n\t\t\t<script type=\"application\/ld+json\">{\"@context\":\"https:\/\/schema.org\",\"@type\":\"VideoObject\",\"name\":\"Video Demo Revidoo ES\",\"description\":\"Gu\u00eda R\u00e1pida de Revidoo, la plataforma de gesti\u00f3n de rese\u00f1as de Wedoo Marketing\",\"thumbnailUrl\":[[\"https:\/\/video.gumlet.io\/64a67746c6d3ce49fd96ad00\/64aae3e21e31f98304cd9edd\/thumbnail-1-0.png?v=1688923147843\"]],\"uploadDate\":\"2023-07-09T16:44:18.348Z\",\"duration\":\"PT3M31.47999999999999S\",\"embedUrl\":\"https:\/\/play.gumlet.io\/embed\/64aae3e21e31f98304cd9edd\"}<\/script><div style=\"position: relative; padding-top: 60.83%\">\r\n    <iframe loading=\"lazy\" title=\"Gumlet video player\" src=\"https:\/\/play.gumlet.io\/embed\/64aae3e21e31f98304cd9edd\" style=\"border:none; position: absolute; top:0; left:0; height: 100%; width: 100%;\" allow=\"accelerometer; gyroscope; autoplay; encrypted-media; picture-in-picture; fullscreen;\" frameborder=\"0\" allowfullscreen>\r\n    <\/iframe><\/div>\t\t<\/div>\n\t\t\t\t<\/div>\n\t\t\t\t\t<\/div>\n\t\t<\/div>\n\t\t\t\t\t\t\t<\/div>\n\t\t<\/section>\n\t\t\t\t<section class=\"elementor-section elementor-top-section elementor-element elementor-element-02741ef elementor-section-boxed elementor-section-height-default elementor-section-height-default\" data-id=\"02741ef\" data-element_type=\"section\" data-settings=\"{&quot;background_background&quot;:&quot;classic&quot;}\">\n\t\t\t\t\t\t<div class=\"elementor-container elementor-column-gap-default\">\n\t\t\t\t\t<div class=\"elementor-column elementor-col-100 elementor-top-column elementor-element elementor-element-eb9638d\" data-id=\"eb9638d\" data-element_type=\"column\">\n\t\t\t<div class=\"elementor-widget-wrap elementor-element-populated\">\n\t\t\t\t\t\t\t\t<div class=\"elementor-element elementor-element-e17b462 elementor-widget elementor-widget-heading\" data-id=\"e17b462\" data-element_type=\"widget\" data-widget_type=\"heading.default\">\n\t\t\t\t<div class=\"elementor-widget-container\">\n\t\t\t<h3 class=\"elementor-heading-title elementor-size-default\">\u00bfTienes dudas? Agenda una demo en directo y las resolvemos.<\/h3>\t\t<\/div>\n\t\t\t\t<\/div>\n\t\t\t\t<div class=\"elementor-element elementor-element-1b11a6c elementor-widget__width-initial elementor-widget elementor-widget-html\" data-id=\"1b11a6c\" data-element_type=\"widget\" data-widget_type=\"html.default\">\n\t\t\t\t<div class=\"elementor-widget-container\">\n\t\t\t<link rel=\"stylesheet\" href=\"https:\/\/app.sessions.us\/embed\/booking.css\" defer \/>\r\n<script defer src=\"https:\/\/app.sessions.us\/embed\/booking.js\"><\/script>\r\n<div data-sessions-embed=\"component\" data-sessions-booking-event-id=\"p-0d21bfc3-8ce8-4057-ae10-0d988a9f7779\" data-sessions-booking-event-name=\"Book session\" style=\"width: 100%\"><\/div>\t\t<\/div>\n\t\t\t\t<\/div>\n\t\t\t\t\t<\/div>\n\t\t<\/div>\n\t\t\t\t\t\t\t<\/div>\n\t\t<\/section>\n\t\t\t\t\t\t\t<\/div>\n\t\t","protected":false},"excerpt":{"rendered":"<p>Multiplica tus rese\u00f1as con revidoo \u00bfQuieres ver c\u00f3mo funciona? Mira la demo \u00bfTienes dudas? Agenda una demo en directo y las resolvemos.<\/p>\n","protected":false},"author":1,"featured_media":0,"parent":0,"menu_order":0,"comment_status":"closed","ping_status":"closed","template":"elementor_header_footer","meta":{"footnotes":""},"class_list":["post-757","page","type-page","status-publish","hentry"],"_links":{"self":[{"href":"https:\/\/aidoomarketing.com\/index.php\/wp-json\/wp\/v2\/pages\/757","targetHints":{"allow":["GET"]}}],"collection":[{"href":"https:\/\/aidoomarketing.com\/index.php\/wp-json\/wp\/v2\/pages"}],"about":[{"href":"https:\/\/aidoomarketing.com\/index.php\/wp-json\/wp\/v2\/types\/page"}],"author":[{"embeddable":true,"href":"https:\/\/aidoomarketing.com\/index.php\/wp-json\/wp\/v2\/users\/1"}],"replies":[{"embeddable":true,"href":"https:\/\/aidoomarketing.com\/index.php\/wp-json\/wp\/v2\/comments?post=757"}],"version-history":[{"count":22,"href":"https:\/\/aidoomarketing.com\/index.php\/wp-json\/wp\/v2\/pages\/757\/revisions"}],"predecessor-version":[{"id":1023,"href":"https:\/\/aidoomarketing.com\/index.php\/wp-json\/wp\/v2\/pages\/757\/revisions\/1023"}],"wp:attachment":[{"href":"https:\/\/aidoomarketing.com\/index.php\/wp-json\/wp\/v2\/media?parent=757"}],"curies":[{"name":"wp","href":"https:\/\/api.w.org\/{rel}","templated":true}]}}